{"id":12,"date":"2023-07-18T09:21:42","date_gmt":"2023-07-18T07:21:42","guid":{"rendered":"http:\/\/wp13205525.server-he.de\/?page_id=12"},"modified":"2023-07-26T10:25:15","modified_gmt":"2023-07-26T08:25:15","slug":"schoene-portfolios-fuer-aussergewoehnliche-kreative","status":"publish","type":"page","link":"https:\/\/artursstore.de\/en\/","title":{"rendered":"Homepage"},"content":{"rendered":"<div class=\"wp-block-group alignfull has-background\" style=\"background-color:#e5e9ec\"><div class=\"wp-block-group__inner-container is-layout-flow wp-block-group-is-layout-flow\">\n<div class=\"wp-block-columns is-layout-flex wp-container-core-columns-is-layout-9d6595d7 wp-block-columns-is-layout-flex\">\n<div class=\"wp-block-column is-vertically-aligned-center is-layout-flow wp-block-column-is-layout-flow\">\n<div style=\"height:48px\" aria-hidden=\"true\" class=\"wp-block-spacer\"><\/div>\n\n\n<div class=\"wp-block-image imagewidget__image\">\n<figure class=\"aligncenter size-large is-resized\"><img loading=\"lazy\" decoding=\"async\" src=\"https:\/\/artursstore.de\/wp-content\/uploads\/2023\/07\/7cb7fb41-17cb-49ee-b52e-af5711a9daef-1024x683.jpg\" alt=\"\" class=\"wp-image-76\" width=\"1024\" height=\"683\" srcset=\"https:\/\/artursstore.de\/wp-content\/uploads\/2023\/07\/7cb7fb41-17cb-49ee-b52e-af5711a9daef-1024x683.jpg 1024w, https:\/\/artursstore.de\/wp-content\/uploads\/2023\/07\/7cb7fb41-17cb-49ee-b52e-af5711a9daef-300x200.jpg 300w, https:\/\/artursstore.de\/wp-content\/uploads\/2023\/07\/7cb7fb41-17cb-49ee-b52e-af5711a9daef-768x512.jpg 768w, https:\/\/artursstore.de\/wp-content\/uploads\/2023\/07\/7cb7fb41-17cb-49ee-b52e-af5711a9daef.jpg 1280w\" sizes=\"auto, (max-width: 1024px) 100vw, 1024px\" \/><\/figure>\n<\/div><\/div>\n\n\n\n<div class=\"wp-block-column is-vertically-aligned-center is-layout-flow wp-block-column-is-layout-flow\">\n<h2 class=\"wp-block-heading\">About us<\/h2>\n\n\n\n<p>Furnished apartments in the Magdeburg area.<br>Whether it's a vacation rental, fully furnished apartment, budget-friendly rooms, accommodation for technicians or craftsmen, trade fair guests, or students, from 4 to 100 people - we find the right solution for everyone.<\/p>\n\n\n\n<hr class=\"wp-block-separator has-alpha-channel-opacity\"\/>\n\n\n\n<p><em>\"We lived there for almost a year, sometimes with up to 10 people. We were very satisfied. The people were very friendly and nice. Everywhere was clean. The garden was well-maintained, and there was the opportunity to barbecue. Cars are also safely parked, as there are cameras. If the opportunity arises again, I will definitely go there again. Highly recommended.\"<\/em><\/p>\n\n\n<div class=\"wp-block-image is-style-rounded\">\n<figure class=\"alignleft size-full is-resized\"><img loading=\"lazy\" decoding=\"async\" src=\"https:\/\/artursstore.de\/wp-content\/uploads\/2023\/07\/avatar.jpg\" alt=\"\" class=\"wp-image-86\" width=\"75\" height=\"75\"\/><figcaption class=\"wp-element-caption\">Rahim Ajeti<\/figcaption><\/figure>\n<\/div><\/div>\n<\/div>\n<\/div><\/div>\n\n\n\n<div class=\"wp-block-cover alignfull has-parallax is-position-center-center\" style=\"min-height:375px;aspect-ratio:unset;\"><span aria-hidden=\"true\" class=\"wp-block-cover__background has-black-background-color has-background-dim-40 has-background-dim\"><\/span><div role=\"img\" class=\"wp-block-cover__image-background wp-image-24 has-parallax\" style=\"background-position:50% 50%;background-image:url(https:\/\/artursstore.de\/wp-content\/themes\/inspiro\/assets\/images\/StockSnap_89BQZ89TLH.jpg)\"><\/div><div class=\"wp-block-cover__inner-container is-layout-flow wp-block-cover-is-layout-flow\">\n<p class=\"has-text-align-center has-text-color has-huge-font-size\" style=\"color:#fffffa;line-height:1.1\"><strong>Contact us<\/strong><\/p>\n\n\n\n<p class=\"has-text-align-center\">Secure your technician's room or guesthouse now - easy and uncomplicated near Magdeburg.<\/p>\n\n\n\n<div style=\"height:39px\" aria-hidden=\"true\" class=\"wp-block-spacer\"><\/div>\n\n\n\n<div class=\"wp-block-buttons is-horizontal is-content-justification-center is-layout-flex wp-container-core-buttons-is-layout-499968f5 wp-block-buttons-is-layout-flex\">\n<div class=\"wp-block-button is-style-outline is-style-outline--1\"><a class=\"wp-block-button__link has-white-color has-text-color wp-element-button\" href=\"https:\/\/artursstore.de\/en\/preise-buchen\/\">Book Now<\/a><\/div>\n<\/div>\n<\/div><\/div>","protected":false},"excerpt":{"rendered":"<p>\u00dcber uns M\u00f6blierte Apartments im Raum Magdeburg.Ob Ferienwohnung, voll m\u00f6bliertes Apartment, g\u00fcnstige Zimmer, Unterkunft f\u00fcr Monteure oder Handwerker, Messeg\u00e4ste oder Studenten, von 4 bis 100 Personen \u2013 wir finden f\u00fcr jeden die richtige L\u00f6sung. &#8220; Wir haben dort fast ein Jahr gewohnt. Manchmal auch bis zu 10 Personen. Wir waren sehr zufrieden. Die Leute waren &hellip; <\/p>\n<p class=\"link-more\"><a href=\"https:\/\/artursstore.de\/en\/\" class=\"more-link\">Read more<span class=\"screen-reader-text\"> &#8222;Startseite&#8220;<\/span><\/a><\/p>","protected":false},"author":1,"featured_media":17,"parent":0,"menu_order":0,"comment_status":"closed","ping_status":"closed","template":"","meta":{"footnotes":""},"class_list":["post-12","page","type-page","status-publish","has-post-thumbnail","hentry"],"_links":{"self":[{"href":"https:\/\/artursstore.de\/en\/wp-json\/wp\/v2\/pages\/12","targetHints":{"allow":["GET"]}}],"collection":[{"href":"https:\/\/artursstore.de\/en\/wp-json\/wp\/v2\/pages"}],"about":[{"href":"https:\/\/artursstore.de\/en\/wp-json\/wp\/v2\/types\/page"}],"author":[{"embeddable":true,"href":"https:\/\/artursstore.de\/en\/wp-json\/wp\/v2\/users\/1"}],"replies":[{"embeddable":true,"href":"https:\/\/artursstore.de\/en\/wp-json\/wp\/v2\/comments?post=12"}],"version-history":[{"count":30,"href":"https:\/\/artursstore.de\/en\/wp-json\/wp\/v2\/pages\/12\/revisions"}],"predecessor-version":[{"id":374,"href":"https:\/\/artursstore.de\/en\/wp-json\/wp\/v2\/pages\/12\/revisions\/374"}],"wp:featuredmedia":[{"embeddable":true,"href":"https:\/\/artursstore.de\/en\/wp-json\/wp\/v2\/media\/17"}],"wp:attachment":[{"href":"https:\/\/artursstore.de\/en\/wp-json\/wp\/v2\/media?parent=12"}],"curies":[{"name":"wp","href":"https:\/\/api.w.org\/{rel}","templated":true}]}}