{"id":14,"date":"2023-07-18T09:21:42","date_gmt":"2023-07-18T07:21:42","guid":{"rendered":"http:\/\/wp13205525.server-he.de\/?page_id=14"},"modified":"2023-10-21T09:19:31","modified_gmt":"2023-10-21T07:19:31","slug":"kontakt","status":"publish","type":"page","link":"https:\/\/artursstore.de\/en\/kontakt\/","title":{"rendered":"Kontakt"},"content":{"rendered":"<div class=\"wp-block-cover alignfull is-light\"><span aria-hidden=\"true\" class=\"wp-block-cover__background has-background-dim\"><\/span><img loading=\"lazy\" decoding=\"async\" width=\"1920\" height=\"1280\" class=\"wp-block-cover__image-background wp-image-247\" alt=\"\" src=\"https:\/\/artursstore.de\/wp-content\/uploads\/2023\/07\/468a8440-bf13-47c8-b839-be025e4e2a94.jpg\" data-object-fit=\"cover\" srcset=\"https:\/\/artursstore.de\/wp-content\/uploads\/2023\/07\/468a8440-bf13-47c8-b839-be025e4e2a94.jpg 1920w, https:\/\/artursstore.de\/wp-content\/uploads\/2023\/07\/468a8440-bf13-47c8-b839-be025e4e2a94-300x200.jpg 300w, https:\/\/artursstore.de\/wp-content\/uploads\/2023\/07\/468a8440-bf13-47c8-b839-be025e4e2a94-1024x683.jpg 1024w, https:\/\/artursstore.de\/wp-content\/uploads\/2023\/07\/468a8440-bf13-47c8-b839-be025e4e2a94-768x512.jpg 768w, https:\/\/artursstore.de\/wp-content\/uploads\/2023\/07\/468a8440-bf13-47c8-b839-be025e4e2a94-1536x1024.jpg 1536w\" sizes=\"auto, (max-width: 1920px) 100vw, 1920px\" \/><div class=\"wp-block-cover__inner-container is-layout-flow wp-block-cover-is-layout-flow\">\n<h2 class=\"wp-block-heading has-text-align-center has-white-color has-text-color\">SERVICES OF ALL KINDS<br><br><\/h2>\n\n\n\n<p class=\"has-text-align-center has-white-color has-text-color\">Welcome to<br>ARTURSSTORE Services.<\/p>\n\n\n\n<p class=\"has-text-align-center has-white-color has-text-color\">Experienced and competent professionals and service providers in the fields of building, garden, property management, clearing, and disposal of all kinds in Berlin and Magdeburg.<\/p>\n\n\n\n<p class=\"has-text-align-center has-white-color has-text-color\">We see ourselves primarily as a professional full-service provider for homes and gardens in both private and commercial sectors.<br>Additionally, we offer support for moves or transportation, repairs, trade fair construction, and various other types of services.<\/p>\n\n\n\n<p class=\"has-text-align-center has-white-color has-text-color\">Get an overview of our comprehensive range of services and convincing solutions for almost any task and requirement.<\/p>\n\n\n\n<p class=\"has-text-align-center has-white-color has-text-color\">Inspections within Magdeburg and Berlin are free of charge.<\/p>\n\n\n\n<p class=\"has-text-align-center has-white-color has-text-color\">For any questions, please give us a call.<\/p>\n<\/div><\/div>\n\n\n\n<div style=\"height:100px\" aria-hidden=\"true\" class=\"wp-block-spacer\"><\/div>\n\n\n\n<div class=\"wp-block-group alignfull\"><div class=\"wp-block-group__inner-container is-layout-constrained wp-block-group-is-layout-constrained\">\n<div class=\"wp-block-columns is-layout-flex wp-container-core-columns-is-layout-9d6595d7 wp-block-columns-is-layout-flex\">\n<div class=\"wp-block-column is-vertically-aligned-center is-layout-flow wp-block-column-is-layout-flow\">\n<figure class=\"wp-block-image size-large\"><img loading=\"lazy\" decoding=\"async\" width=\"1024\" height=\"678\" src=\"https:\/\/artursstore.de\/wp-content\/uploads\/2023\/07\/dca254d4-d2b5-469d-ba27-da4cde20fb5b-1024x678.jpg\" alt=\"\" class=\"wp-image-252\" srcset=\"https:\/\/artursstore.de\/wp-content\/uploads\/2023\/07\/dca254d4-d2b5-469d-ba27-da4cde20fb5b-1024x678.jpg 1024w, https:\/\/artursstore.de\/wp-content\/uploads\/2023\/07\/dca254d4-d2b5-469d-ba27-da4cde20fb5b-300x199.jpg 300w, https:\/\/artursstore.de\/wp-content\/uploads\/2023\/07\/dca254d4-d2b5-469d-ba27-da4cde20fb5b-768x509.jpg 768w, https:\/\/artursstore.de\/wp-content\/uploads\/2023\/07\/dca254d4-d2b5-469d-ba27-da4cde20fb5b.jpg 1280w\" sizes=\"auto, (max-width: 1024px) 100vw, 1024px\" \/><\/figure>\n<\/div>\n\n\n\n<div class=\"wp-block-column is-vertically-aligned-center is-layout-flow wp-block-column-is-layout-flow\">\n<h4 class=\"wp-block-heading\">Trade Fair Construction<\/h4>\n\n\n\n<p>With our nationwide service for the setup and dismantling of trade fair booths, you can focus on the essentials of your project. Whether you need our trade fair construction service for a traditional exhibition booth or are planning an outdoor event, our technicians are well-prepared for your event formats.<\/p>\n<\/div>\n<\/div>\n<\/div><\/div>\n\n\n\n<div class=\"wp-block-group alignfull has-background\" style=\"background-color:#f9f9f9\"><div class=\"wp-block-group__inner-container is-layout-constrained wp-block-group-is-layout-constrained\">\n<div class=\"wp-block-columns is-layout-flex wp-container-core-columns-is-layout-9d6595d7 wp-block-columns-is-layout-flex\">\n<div class=\"wp-block-column is-vertically-aligned-center is-layout-flow wp-block-column-is-layout-flow\">\n<h4 class=\"wp-block-heading\">Construction Work<\/h4>\n\n\n\n<p>When the interior of a building needs to be designed, comprehensive construction work on the building and its structure is essential. With drywall construction work, we meet customer requirements quickly, cost-effectively, and professionally.<\/p>\n<\/div>\n\n\n\n<div class=\"wp-block-column is-vertically-aligned-center is-layout-flow wp-block-column-is-layout-flow\">\n<figure class=\"wp-block-image size-large\"><img loading=\"lazy\" decoding=\"async\" width=\"1024\" height=\"682\" src=\"https:\/\/artursstore.de\/wp-content\/uploads\/2023\/07\/2359fe1b-3a16-4c3e-a4ca-e18c9d5dcf4a-1024x682.jpg\" alt=\"\" class=\"wp-image-251\" srcset=\"https:\/\/artursstore.de\/wp-content\/uploads\/2023\/07\/2359fe1b-3a16-4c3e-a4ca-e18c9d5dcf4a-1024x682.jpg 1024w, https:\/\/artursstore.de\/wp-content\/uploads\/2023\/07\/2359fe1b-3a16-4c3e-a4ca-e18c9d5dcf4a-300x200.jpg 300w, https:\/\/artursstore.de\/wp-content\/uploads\/2023\/07\/2359fe1b-3a16-4c3e-a4ca-e18c9d5dcf4a-768x511.jpg 768w, https:\/\/artursstore.de\/wp-content\/uploads\/2023\/07\/2359fe1b-3a16-4c3e-a4ca-e18c9d5dcf4a.jpg 1280w\" sizes=\"auto, (max-width: 1024px) 100vw, 1024px\" \/><\/figure>\n<\/div>\n<\/div>\n<\/div><\/div>\n\n\n\n<div class=\"wp-block-group alignfull\"><div class=\"wp-block-group__inner-container is-layout-constrained wp-block-group-is-layout-constrained\">\n<h2 class=\"wp-block-heading\"><strong>Contact us<\/strong><\/h2>\n\n\n<style id=\"wpforms-css-vars-root\">\n\t\t\t\t:root {\n\t\t\t\t\t--wpforms-field-border-radius: 3px;\n--wpforms-field-background-color: #ffffff;\n--wpforms-field-border-color: rgba( 0, 0, 0, 0.25 );\n--wpforms-field-text-color: rgba( 0, 0, 0, 0.7 );\n--wpforms-label-color: rgba( 0, 0, 0, 0.85 );\n--wpforms-label-sublabel-color: rgba( 0, 0, 0, 0.55 );\n--wpforms-label-error-color: #d63637;\n--wpforms-button-border-radius: 3px;\n--wpforms-button-background-color: #066aab;\n--wpforms-button-text-color: #ffffff;\n--wpforms-field-size-input-height: 43px;\n--wpforms-field-size-input-spacing: 15px;\n--wpforms-field-size-font-size: 16px;\n--wpforms-field-size-line-height: 19px;\n--wpforms-field-size-padding-h: 14px;\n--wpforms-field-size-checkbox-size: 16px;\n--wpforms-field-size-sublabel-spacing: 5px;\n--wpforms-field-size-icon-size: 1;\n--wpforms-label-size-font-size: 16px;\n--wpforms-label-size-line-height: 19px;\n--wpforms-label-size-sublabel-font-size: 14px;\n--wpforms-label-size-sublabel-line-height: 17px;\n--wpforms-button-size-font-size: 17px;\n--wpforms-button-size-height: 41px;\n--wpforms-button-size-padding-h: 15px;\n--wpforms-button-size-margin-top: 10px;\n\n\t\t\t\t}\n\t\t\t<\/style><div class=\"wpforms-container wpforms-container-full wpforms-block wpforms-block-e5f0f9a7-0606-433d-ac3a-2c837ad882e3 wpforms-render-modern\" id=\"wpforms-280\"><form id=\"wpforms-form-280\" class=\"wpforms-validate wpforms-form wpforms-ajax-form\" data-formid=\"280\" method=\"post\" enctype=\"multipart\/form-data\" action=\"\/en\/wp-json\/wp\/v2\/pages\/14\" data-token=\"5d96d983162c7fc2bd9da8988747737d\" data-trp-original-action=\"\/en\/wp-json\/wp\/v2\/pages\/14\"><noscript class=\"wpforms-error-noscript\">Please enable JavaScript in your browser to complete this form.<\/noscript><div class=\"wpforms-hidden\" id=\"wpforms-error-noscript\">Please enable JavaScript in your browser to complete this form.<\/div><div class=\"wpforms-field-container\"><div id=\"wpforms-280-field_0-container\" class=\"wpforms-field wpforms-field-name\" data-field-id=\"0\"><fieldset><legend class=\"wpforms-field-label\">Name <span class=\"wpforms-required-label\" aria-hidden=\"true\">*<\/span><\/legend><div class=\"wpforms-field-row wpforms-field-medium\"><div class=\"wpforms-field-row-block wpforms-first wpforms-one-half\"><input type=\"text\" id=\"wpforms-280-field_0\" class=\"wpforms-field-name-first wpforms-field-required\" name=\"wpforms[fields][0][first]\" aria-errormessage=\"wpforms-280-field_0-error\" required><label for=\"wpforms-280-field_0\" class=\"wpforms-field-sublabel after\">First<\/label><\/div><div class=\"wpforms-field-row-block wpforms-one-half\"><input type=\"text\" id=\"wpforms-280-field_0-last\" class=\"wpforms-field-name-last wpforms-field-required\" name=\"wpforms[fields][0][last]\" aria-errormessage=\"wpforms-280-field_0-last-error\" required><label for=\"wpforms-280-field_0-last\" class=\"wpforms-field-sublabel after\">Last<\/label><\/div><\/div><\/fieldset><\/div><div id=\"wpforms-280-field_1-container\" class=\"wpforms-field wpforms-field-email\" data-field-id=\"1\"><label class=\"wpforms-field-label\" for=\"wpforms-280-field_1\">E-Mail <span class=\"wpforms-required-label\" aria-hidden=\"true\">*<\/span><\/label><input type=\"email\" id=\"wpforms-280-field_1\" class=\"wpforms-field-medium wpforms-field-required\" name=\"wpforms[fields][1]\" spellcheck=\"false\" aria-errormessage=\"wpforms-280-field_1-error\" required><\/div><div id=\"wpforms-280-field_2-container\" class=\"wpforms-field wpforms-field-textarea\" data-field-id=\"2\"><label class=\"wpforms-field-label\" for=\"wpforms-280-field_2\">Comment or message.<\/label><textarea id=\"wpforms-280-field_2\" class=\"wpforms-field-medium\" name=\"wpforms[fields][2]\" aria-errormessage=\"wpforms-280-field_2-error\" ><\/textarea><\/div><\/div><!-- .wpforms-field-container --><div class=\"wpforms-submit-container\" ><input type=\"hidden\" name=\"wpforms[id]\" value=\"280\"><input type=\"hidden\" name=\"wpforms[author]\" value=\"1\"><button type=\"submit\" name=\"wpforms[submit]\" id=\"wpforms-submit-280\" class=\"wpforms-submit\" data-alt-text=\"Senden\u2026\" data-submit-text=\"Absenden\" aria-live=\"assertive\" value=\"wpforms-submit\">Submit<\/button><img loading=\"lazy\" decoding=\"async\" src=\"https:\/\/artursstore.de\/wp-content\/plugins\/wpforms-lite\/assets\/images\/submit-spin.svg\" class=\"wpforms-submit-spinner\" style=\"display: none;\" width=\"26\" height=\"26\" alt=\"Loading\"><\/div><input type=\"hidden\" name=\"trp-form-language\" value=\"en\"\/><\/form><\/div>  <!-- .wpforms-container --><\/div><\/div>","protected":false},"excerpt":{"rendered":"<p>Messebau Mit unserem deutschlandweiten Service f\u00fcr den Auf- und Abbau von Messest\u00e4nden k\u00f6nnen Sie sich bei Ihrem Projekt auf das Wesentliche konzentrieren. Egal ob Sie unseren Messebauservice f\u00fcr einen klassischen Messestand ben\u00f6tigen oder eine Au\u00dfenveranstaltung planen, unsere Monteure sind bestens auf Ihre Veranstaltungsformate vorbereitet. Bauarbeiten Wenn ein Geb\u00e4ude im Innenbereich gestaltet werden muss, sind umfassende &hellip; <\/p>\n<p class=\"link-more\"><a href=\"https:\/\/artursstore.de\/en\/kontakt\/\" class=\"more-link\">Read more<span class=\"screen-reader-text\"> &#8222;Kontakt&#8220;<\/span><\/a><\/p>","protected":false},"author":1,"featured_media":0,"parent":0,"menu_order":0,"comment_status":"closed","ping_status":"closed","template":"","meta":{"footnotes":""},"class_list":["post-14","page","type-page","status-publish","hentry"],"_links":{"self":[{"href":"https:\/\/artursstore.de\/en\/wp-json\/wp\/v2\/pages\/14","targetHints":{"allow":["GET"]}}],"collection":[{"href":"https:\/\/artursstore.de\/en\/wp-json\/wp\/v2\/pages"}],"about":[{"href":"https:\/\/artursstore.de\/en\/wp-json\/wp\/v2\/types\/page"}],"author":[{"embeddable":true,"href":"https:\/\/artursstore.de\/en\/wp-json\/wp\/v2\/users\/1"}],"replies":[{"embeddable":true,"href":"https:\/\/artursstore.de\/en\/wp-json\/wp\/v2\/comments?post=14"}],"version-history":[{"count":18,"href":"https:\/\/artursstore.de\/en\/wp-json\/wp\/v2\/pages\/14\/revisions"}],"predecessor-version":[{"id":382,"href":"https:\/\/artursstore.de\/en\/wp-json\/wp\/v2\/pages\/14\/revisions\/382"}],"wp:attachment":[{"href":"https:\/\/artursstore.de\/en\/wp-json\/wp\/v2\/media?parent=14"}],"curies":[{"name":"wp","href":"https:\/\/api.w.org\/{rel}","templated":true}]}}