{"id":28,"date":"2023-07-18T09:28:47","date_gmt":"2023-07-18T07:28:47","guid":{"rendered":"http:\/\/wp13205525.server-he.de\/?page_id=28"},"modified":"2023-07-23T12:56:30","modified_gmt":"2023-07-23T10:56:30","slug":"standorte","status":"publish","type":"page","link":"https:\/\/artursstore.de\/en\/standorte\/","title":{"rendered":"Locations"},"content":{"rendered":"<div class=\"wp-block-columns is-layout-flex wp-container-core-columns-is-layout-9d6595d7 wp-block-columns-is-layout-flex\">\n<div class=\"wp-block-column is-vertically-aligned-center is-layout-flow wp-block-column-is-layout-flow\">\n<figure class=\"wp-block-image size-large is-resized\"><img loading=\"lazy\" decoding=\"async\" src=\"https:\/\/artursstore.de\/wp-content\/uploads\/2023\/07\/b3ebbcb2-5cd0-4719-92e1-2b32b4fcb4bf-1024x778.jpg\" alt=\"\" class=\"wp-image-203\" width=\"426\" height=\"324\" srcset=\"https:\/\/artursstore.de\/wp-content\/uploads\/2023\/07\/b3ebbcb2-5cd0-4719-92e1-2b32b4fcb4bf-1024x778.jpg 1024w, https:\/\/artursstore.de\/wp-content\/uploads\/2023\/07\/b3ebbcb2-5cd0-4719-92e1-2b32b4fcb4bf-300x228.jpg 300w, https:\/\/artursstore.de\/wp-content\/uploads\/2023\/07\/b3ebbcb2-5cd0-4719-92e1-2b32b4fcb4bf-768x584.jpg 768w, https:\/\/artursstore.de\/wp-content\/uploads\/2023\/07\/b3ebbcb2-5cd0-4719-92e1-2b32b4fcb4bf-1536x1167.jpg 1536w, https:\/\/artursstore.de\/wp-content\/uploads\/2023\/07\/b3ebbcb2-5cd0-4719-92e1-2b32b4fcb4bf.jpg 1699w\" sizes=\"auto, (max-width: 426px) 100vw, 426px\" \/><\/figure>\n<\/div>\n\n\n\n<div class=\"wp-block-column is-vertically-aligned-top is-layout-flow wp-block-column-is-layout-flow\">\n<p><strong>Wanzleben-B\u00f6rde near Magdeburg<\/strong><br>The district of Stadt Wanzleben is located southwest<br>of the state capital Magdeburg (Saxony-Anhalt) on the B 246a with connections to the B 81, B 246, B 180, A 2, and A 14.<br>Wanzleben-B\u00f6rde borders the following cities and municipalities (clockwise, starting in the north): Hohe B\u00f6rde, Magdeburg, S\u00fclzetal, Egeln, and Oschersleben (Bode).<br>Wanzleben is accessible via several roads, including the B 246a, B 246, and BAB 14 via the L 50 towards Magdeburg.<\/p>\n<\/div>\n<\/div>\n\n\n\n<div class=\"wp-block-columns is-layout-flex wp-container-core-columns-is-layout-9d6595d7 wp-block-columns-is-layout-flex\">\n<div class=\"wp-block-column is-vertically-aligned-top is-layout-flow wp-block-column-is-layout-flow\">\n<p><strong>Magdeburg<\/strong><br>Adjacent to the famous Magdeburg Cathedral, a brand-new multi-generational residential complex called the Domviertel has emerged in the heart of the city. This new neighborhood leaves hardly any wishes unfulfilled for its future residents, be it families with children, the 50-plus generation, seniors, or singles and couples.<br>The apartments in the Domviertel impress with well-thought-out floor plans that offer plenty of space for creative freedom. High-quality and innovative materials ensure sustainability and energy efficiency.<\/p>\n<\/div>\n\n\n\n<div class=\"wp-block-column is-vertically-aligned-center is-layout-flow wp-block-column-is-layout-flow\">\n<figure class=\"wp-block-image size-full\"><img loading=\"lazy\" decoding=\"async\" width=\"1024\" height=\"576\" src=\"https:\/\/artursstore.de\/wp-content\/uploads\/2023\/07\/7876dd71-09ce-44d7-80d0-d40deec40ac1.jpg\" alt=\"\" class=\"wp-image-202\" srcset=\"https:\/\/artursstore.de\/wp-content\/uploads\/2023\/07\/7876dd71-09ce-44d7-80d0-d40deec40ac1.jpg 1024w, https:\/\/artursstore.de\/wp-content\/uploads\/2023\/07\/7876dd71-09ce-44d7-80d0-d40deec40ac1-300x169.jpg 300w, https:\/\/artursstore.de\/wp-content\/uploads\/2023\/07\/7876dd71-09ce-44d7-80d0-d40deec40ac1-768x432.jpg 768w\" sizes=\"auto, (max-width: 1024px) 100vw, 1024px\" \/><\/figure>\n<\/div>\n<\/div>\n\n\n\n<div class=\"wp-block-columns is-layout-flex wp-container-core-columns-is-layout-9d6595d7 wp-block-columns-is-layout-flex\">\n<div class=\"wp-block-column is-vertically-aligned-center is-layout-flow wp-block-column-is-layout-flow\">\n<figure class=\"wp-block-image size-full\"><img loading=\"lazy\" decoding=\"async\" width=\"1024\" height=\"576\" src=\"https:\/\/artursstore.de\/wp-content\/uploads\/2023\/07\/7876dd71-09ce-44d7-80d0-d40deec40ac1.jpg\" alt=\"\" class=\"wp-image-202\" srcset=\"https:\/\/artursstore.de\/wp-content\/uploads\/2023\/07\/7876dd71-09ce-44d7-80d0-d40deec40ac1.jpg 1024w, https:\/\/artursstore.de\/wp-content\/uploads\/2023\/07\/7876dd71-09ce-44d7-80d0-d40deec40ac1-300x169.jpg 300w, https:\/\/artursstore.de\/wp-content\/uploads\/2023\/07\/7876dd71-09ce-44d7-80d0-d40deec40ac1-768x432.jpg 768w\" sizes=\"auto, (max-width: 1024px) 100vw, 1024px\" \/><\/figure>\n<\/div>\n\n\n\n<div class=\"wp-block-column is-vertically-aligned-top is-layout-flow wp-block-column-is-layout-flow\">\n<p><strong>Magdeburg<\/strong><br>Adjacent to the famous Magdeburg Cathedral, a brand-new multi-generational residential complex called the Domviertel has emerged in the heart of the city. This new neighborhood leaves hardly any wishes unfulfilled for its future residents, be it families with children, the 50-plus generation, seniors, or singles and couples.<br>The apartments in the Domviertel impress with well-thought-out floor plans that offer plenty of space for creative freedom. High-quality and innovative materials ensure sustainability and energy efficiency.<\/p>\n<\/div>\n<\/div>\n\n\n\n<div class=\"wp-block-columns is-layout-flex wp-container-core-columns-is-layout-9d6595d7 wp-block-columns-is-layout-flex\">\n<div class=\"wp-block-column is-vertically-aligned-center is-layout-flow wp-block-column-is-layout-flow\">\n<figure class=\"wp-block-image size-large\"><img loading=\"lazy\" decoding=\"async\" width=\"1024\" height=\"683\" src=\"https:\/\/artursstore.de\/wp-content\/uploads\/2023\/07\/11eb43cd-8ab0-4c14-a205-90cc0a84886b-1024x683.jpg\" alt=\"\" class=\"wp-image-201\" srcset=\"https:\/\/artursstore.de\/wp-content\/uploads\/2023\/07\/11eb43cd-8ab0-4c14-a205-90cc0a84886b-1024x683.jpg 1024w, https:\/\/artursstore.de\/wp-content\/uploads\/2023\/07\/11eb43cd-8ab0-4c14-a205-90cc0a84886b-300x200.jpg 300w, https:\/\/artursstore.de\/wp-content\/uploads\/2023\/07\/11eb43cd-8ab0-4c14-a205-90cc0a84886b-768x512.jpg 768w, https:\/\/artursstore.de\/wp-content\/uploads\/2023\/07\/11eb43cd-8ab0-4c14-a205-90cc0a84886b-1536x1024.jpg 1536w, https:\/\/artursstore.de\/wp-content\/uploads\/2023\/07\/11eb43cd-8ab0-4c14-a205-90cc0a84886b-2048x1365.jpg 2048w, https:\/\/artursstore.de\/wp-content\/uploads\/2023\/07\/11eb43cd-8ab0-4c14-a205-90cc0a84886b-2000x1333.jpg 2000w\" sizes=\"auto, (max-width: 1024px) 100vw, 1024px\" \/><\/figure>\n<\/div>\n\n\n\n<div class=\"wp-block-column is-vertically-aligned-top is-layout-flow wp-block-column-is-layout-flow\">\n<p><strong>INTEL in Magdeburg and Wanzleben-B\u00f6rde<\/strong><br>The Intel chip factory is set to be built in Magdeburg from 2024 onwards, but not without financial support. This has now cleared an important hurdle with the EU. In November, Intel CEO Pat Gelsinger visited Magdeburg. Chip manufacturer Intel is investing in a new location in Magdeburg and Wanzleben near Magdeburg. The US company plans to build a gigafactory in the industrial area 'Eulenberg.' Thousands of jobs are expected to be created. A chronology.<\/p>\n<\/div>\n<\/div>\n\n\n\n<div class=\"wp-block-group alignfull has-background\" style=\"background-color:#f9f9f9\"><div class=\"wp-block-group__inner-container is-layout-constrained wp-block-group-is-layout-constrained\">\n<iframe src=\"https:\/\/www.google.com\/maps\/embed?pb=!1m14!1m8!1m3!1d78494.60574408615!2d11.434511000000002!3d52.062317!3m2!1i1024!2i768!4f13.1!3m3!1m2!1s0x47a58b87663e6c29%3A0xd978173d64bf3f61!2sPestalozziweg%209%2C%2039164%20Wanzleben-B%C3%B6rde%2C%20Deutschland!5e0!3m2!1sde!2sus!4v1690109381373!5m2!1sde!2sus\" width=\"100%\" height=\"450\" style=\"border:0;\" allowfullscreen=\"\" loading=\"lazy\" referrerpolicy=\"no-referrer-when-downgrade\"><\/iframe>\n<\/div><\/div>","protected":false},"excerpt":{"rendered":"<p>Wanzleben-B\u00f6rde bei MagdeburgDer Ortsteil Stadt Wanzleben liegt s\u00fcdwestlich derLandeshauptstadt Magdeburg (Sachsen-Anhalt) an der B 246a mit Anschluss an die B 81, B 246, B 180 und an die A 2 sowie an die A 14.Wanzleben-B\u00f6rde grenzt an folgende St\u00e4dte und Gemeinden (im Uhrzeigersinn, im Norden beginnend): Hohe B\u00f6rde, Magdeburg, S\u00fclzetal, Egeln und Oschersleben (Bode).Wanzleben ist &hellip; <\/p>\n<p class=\"link-more\"><a href=\"https:\/\/artursstore.de\/en\/standorte\/\" class=\"more-link\">Read more<span class=\"screen-reader-text\"> &#8222;Standorte&#8220;<\/span><\/a><\/p>","protected":false},"author":1,"featured_media":0,"parent":0,"menu_order":0,"comment_status":"closed","ping_status":"closed","template":"","meta":{"footnotes":""},"class_list":["post-28","page","type-page","status-publish","hentry"],"_links":{"self":[{"href":"https:\/\/artursstore.de\/en\/wp-json\/wp\/v2\/pages\/28","targetHints":{"allow":["GET"]}}],"collection":[{"href":"https:\/\/artursstore.de\/en\/wp-json\/wp\/v2\/pages"}],"about":[{"href":"https:\/\/artursstore.de\/en\/wp-json\/wp\/v2\/types\/page"}],"author":[{"embeddable":true,"href":"https:\/\/artursstore.de\/en\/wp-json\/wp\/v2\/users\/1"}],"replies":[{"embeddable":true,"href":"https:\/\/artursstore.de\/en\/wp-json\/wp\/v2\/comments?post=28"}],"version-history":[{"count":25,"href":"https:\/\/artursstore.de\/en\/wp-json\/wp\/v2\/pages\/28\/revisions"}],"predecessor-version":[{"id":321,"href":"https:\/\/artursstore.de\/en\/wp-json\/wp\/v2\/pages\/28\/revisions\/321"}],"wp:attachment":[{"href":"https:\/\/artursstore.de\/en\/wp-json\/wp\/v2\/media?parent=28"}],"curies":[{"name":"wp","href":"https:\/\/api.w.org\/{rel}","templated":true}]}}